{"id":3,"date":"2021-01-14T15:08:48","date_gmt":"2021-01-14T13:08:48","guid":{"rendered":"https:\/\/www.expertise-sports.com\/?page_id=3"},"modified":"2023-03-12T05:05:57","modified_gmt":"2023-03-12T03:05:57","slug":"legalnotice-2","status":"publish","type":"page","link":"https:\/\/www.expertise-sports.com\/en\/mentionslegales\/","title":{"rendered":"Mentions L\u00e9gales"},"content":{"rendered":"<h2 class=\"wp-block-heading\">Legal Notice<\/h2>\n\n\n\n<h3 class=\"wp-block-heading\">Propri\u00e9taire du site<\/h3>\n\n\n\n<p>Le site https:\/\/expertise-sports.com est la propri\u00e9t\u00e9 de la soci\u00e9t\u00e9 Expertise-sports repr\u00e9sent\u00e9e par Jean-Marc Leynet.<br> <br>T\u00e9l\u00e9phone: 06.08.51.74.53<br> <\/p>\n\n\n\n<h3 class=\"wp-block-heading\">Editeur du site<\/h3>\n\n\n\n<p>Le site est \u00e9dit\u00e9 par la soci\u00e9t\u00e9 T\u00e9d\u00e9Web repr\u00e9sent\u00e9e par Thomas Dupuy.<br>N\u00b0SIRET: 90821529600017<br>T\u00e9l\u00e9phone: 07.71.84.52.33<br>Adresse: 6 rue d&rsquo;Austerlitz 30 129 Manduel<\/p>\n\n\n\n<h3 class=\"wp-block-heading\">H\u00e9bergement<\/h3>\n\n\n\n<p>Le site est h\u00e9berg\u00e9 par Themecloud<br>SAS au capital de 1.356,80\u20ac<br>RCS PARIS : 803 168 194<br>TVA : FR53803168194<br><strong>Si\u00e8ge Social<\/strong><br>13 bis avenue de la Motte Picquet 75007 PARIS<br>Email :&nbsp;info@themecloud.io<br>T\u00e9l\u00e9phone : +33970701120<\/p>","protected":false},"excerpt":{"rendered":"<p>Mentions l\u00e9gales Propri\u00e9taire du site Le site https:\/\/expertise-sports.com est la propri\u00e9t\u00e9 de la soci\u00e9t\u00e9 Expertise-sports repr\u00e9sent\u00e9e par Jean-Marc Leynet. T\u00e9l\u00e9phone: 06.08.51.74.53 Editeur du site Le site est \u00e9dit\u00e9 par la soci\u00e9t\u00e9 T\u00e9d\u00e9Web repr\u00e9sent\u00e9e par Thomas Dupuy.N\u00b0SIRET: 90821529600017T\u00e9l\u00e9phone: 07.71.84.52.33Adresse: 6 rue d&rsquo;Austerlitz 30 129 Manduel H\u00e9bergement Le site est h\u00e9berg\u00e9 par ThemecloudSAS au capital de 1.356,80\u20acRCS&#8230;<\/p>","protected":false},"author":2,"featured_media":0,"parent":0,"menu_order":0,"comment_status":"closed","ping_status":"closed","template":"","meta":{"_kadence_starter_templates_imported_post":false,"_kad_post_transparent":"","_kad_post_title":"","_kad_post_layout":"","_kad_post_sidebar_id":"","_kad_post_content_style":"","_kad_post_vertical_padding":"","_kad_post_feature":"","_kad_post_feature_position":"","_kad_post_header":false,"_kad_post_footer":false,"_kad_post_classname":"","footnotes":""},"class_list":["post-3","page","type-page","status-publish","hentry"],"_links":{"self":[{"href":"https:\/\/www.expertise-sports.com\/en\/wp-json\/wp\/v2\/pages\/3","targetHints":{"allow":["GET"]}}],"collection":[{"href":"https:\/\/www.expertise-sports.com\/en\/wp-json\/wp\/v2\/pages"}],"about":[{"href":"https:\/\/www.expertise-sports.com\/en\/wp-json\/wp\/v2\/types\/page"}],"author":[{"embeddable":true,"href":"https:\/\/www.expertise-sports.com\/en\/wp-json\/wp\/v2\/users\/2"}],"replies":[{"embeddable":true,"href":"https:\/\/www.expertise-sports.com\/en\/wp-json\/wp\/v2\/comments?post=3"}],"version-history":[{"count":5,"href":"https:\/\/www.expertise-sports.com\/en\/wp-json\/wp\/v2\/pages\/3\/revisions"}],"predecessor-version":[{"id":2556,"href":"https:\/\/www.expertise-sports.com\/en\/wp-json\/wp\/v2\/pages\/3\/revisions\/2556"}],"wp:attachment":[{"href":"https:\/\/www.expertise-sports.com\/en\/wp-json\/wp\/v2\/media?parent=3"}],"curies":[{"name":"wp","href":"https:\/\/api.w.org\/{rel}","templated":true}]}}